{"id":2096,"date":"2019-11-13T10:09:02","date_gmt":"2019-11-13T09:09:02","guid":{"rendered":"https:\/\/www.r-ace-gp.com\/?page_id=2096"},"modified":"2023-12-05T23:01:51","modified_gmt":"2023-12-05T22:01:51","slug":"confirmation-2","status":"publish","type":"page","link":"https:\/\/www.r-ace-gp.com\/en\/contact-2\/confirmation-2\/","title":{"rendered":"Confirmation"},"content":{"rendered":"\n<p><strong>Votre demande a bien \u00e9t\u00e9 envoy\u00e9e.<\/strong><br><\/p>\n\n\n\n<p>Vous allez recevoir un email de confirmation de votre demande. <br>Vous serez contact\u00e9 par R-ace GP d\u00e8s que possible.<\/p>\n\n\n\n<p>N&#8217;h\u00e9sitez pas \u00e0 nous suivre sur les r\u00e9seaux sociaux : <a rel=\"noreferrer noopener\" aria-label=\"Facebook (opens in a new tab)\" href=\"https:\/\/www.facebook.com\/RaceGP.fr\/\" target=\"_blank\">Facebook<\/a>, <a rel=\"noreferrer noopener\" aria-label=\"Twitter (opens in a new tab)\" href=\"https:\/\/twitter.com\/R_aceGP\" target=\"_blank\">Twitter<\/a> et <a href=\"https:\/\/www.instagram.com\/r.ace.gp\/\" target=\"_blank\" rel=\"noreferrer noopener\" aria-label=\"Instagram (opens in a new tab)\">Instagram<\/a><\/p>\n","protected":false},"excerpt":{"rendered":"<p>Votre demande a bien \u00e9t\u00e9 envoy\u00e9e. Vous allez recevoir un email de confirmation de votre demande. Vous serez contact\u00e9 par R-ace GP d\u00e8s que possible. N&#8217;h\u00e9sitez pas \u00e0 nous suivre sur les r\u00e9seaux sociaux : Facebook, Twitter et Instagram<\/p>\n","protected":false},"author":1,"featured_media":0,"parent":7667,"menu_order":0,"comment_status":"closed","ping_status":"closed","template":"","meta":{"footnotes":""},"class_list":["post-2096","page","type-page","status-publish","hentry"],"acf":[],"aioseo_notices":[],"_links":{"self":[{"href":"https:\/\/www.r-ace-gp.com\/en\/wp-json\/wp\/v2\/pages\/2096","targetHints":{"allow":["GET"]}}],"collection":[{"href":"https:\/\/www.r-ace-gp.com\/en\/wp-json\/wp\/v2\/pages"}],"about":[{"href":"https:\/\/www.r-ace-gp.com\/en\/wp-json\/wp\/v2\/types\/page"}],"author":[{"embeddable":true,"href":"https:\/\/www.r-ace-gp.com\/en\/wp-json\/wp\/v2\/users\/1"}],"replies":[{"embeddable":true,"href":"https:\/\/www.r-ace-gp.com\/en\/wp-json\/wp\/v2\/comments?post=2096"}],"version-history":[{"count":1,"href":"https:\/\/www.r-ace-gp.com\/en\/wp-json\/wp\/v2\/pages\/2096\/revisions"}],"predecessor-version":[{"id":7924,"href":"https:\/\/www.r-ace-gp.com\/en\/wp-json\/wp\/v2\/pages\/2096\/revisions\/7924"}],"up":[{"embeddable":true,"href":"https:\/\/www.r-ace-gp.com\/en\/wp-json\/wp\/v2\/pages\/7667"}],"wp:attachment":[{"href":"https:\/\/www.r-ace-gp.com\/en\/wp-json\/wp\/v2\/media?parent=2096"}],"curies":[{"name":"wp","href":"https:\/\/api.w.org\/{rel}","templated":true}]}}